{"id":464,"date":"2026-03-16T09:28:40","date_gmt":"2026-03-16T08:28:40","guid":{"rendered":"https:\/\/www.wosa-hans.at\/wordpress\/?page_id=464"},"modified":"2026-03-16T12:21:28","modified_gmt":"2026-03-16T11:21:28","slug":"die-produkte","status":"publish","type":"page","link":"https:\/\/www.wosa-hans.at\/wordpress\/die-produkte\/","title":{"rendered":"> Die Produkte"},"content":{"rendered":"\n\n\t<p>\u00a0\u00a0 <\/p>\n\t<p><strong>Brot &amp; Geb\u00e4ck<\/strong><\/p>\n<figure itemscope itemtype=\"https:\/\/schema.org\/ImageObject\">\n\t\t\t\t<img decoding=\"async\" src=\"https:\/\/www.wosa-hans.at\/wordpress\/wp-content\/uploads\/2025\/02\/Buchweizenbrot.jpg\" alt=\"Buchweizenbrot\" height=\"400\" width=\"600\" title=\"Buchweizenbrot\" onerror=\"this.style.display='none'\" loading=\"lazy\" \/>\n\t<\/figure>\n\t<p><strong>Gabis Bio Buchweizenbrot | 1 kg<\/strong><\/p>\n<p>Gabis Buchweizenbrot &#8211; mit Sauerteig und ohne Hefe &#8211; \u00fcberzeugt mit einer &#8222;gschmeidigen Mischung&#8220; aus Buchweizen-, Hafer- und Reisvollmehl versehen mit \u00d6lsaaten (Sonnenblumenkernen, Leinsamen und Flohsamenschalen) und dem magischen Wosa-Brotgew\u00fcrz unsere werten Kunden. Als neuester Neuzugang in der Kastenform ist das nicht glutenfrei zertifizierte, aber aus glutenfreien Mehlen hergestellte Brot ein besonderes Schmankerl f\u00fcr Freunde der bewussten Ern\u00e4hrung.<\/p>\n\t<hr \/>\n<figure itemscope itemtype=\"https:\/\/schema.org\/ImageObject\">\n\t\t\t\t<img decoding=\"async\" src=\"https:\/\/www.wosa-hans.at\/wordpress\/wp-content\/uploads\/2016\/01\/News_Brot-300x165.jpg\" alt=\"News_Brot\" height=\"165\" width=\"300\" title=\"News_Brot\" onerror=\"this.style.display='none'\" loading=\"lazy\" \/>\n\t<\/figure>\n\t<p><strong>Bio Mehrkornvollkornbrot | 1 kg<\/strong><\/p>\n<p>eine &#8222;gschmackige Mischung&#8220; aus Roggen, Weizen und Dinkel versehen mit \u00d6lsaaten (K\u00fcrbiskerne, Sonnenblumenkerne, Leinsamen) und ein vielfacher Goldmedaillengewinner<\/p>\n<p>Unser Neuzugang in der Kastenform ist ein Roggenvollkornbrot &#8211; beide Sorten enthalten nur Roggensauerteig!<\/p>\n\t<hr \/>\n<figure itemscope itemtype=\"https:\/\/schema.org\/ImageObject\">\n\t\t\t\t<img decoding=\"async\" src=\"https:\/\/www.wosa-hans.at\/wordpress\/wp-content\/uploads\/2026\/03\/Roggenbrot.jpg\" alt=\"Roggenbrot\" height=\"473\" width=\"1000\" title=\"Roggenbrot\" onerror=\"this.style.display='none'\" loading=\"lazy\" \/>\n\t<\/figure>\n\t<p><strong>Bio Roggenvollkornbrot | 1 kg<\/strong><\/p>\n<p>Text folgt.<\/p>\n\t<hr \/>\n<figure itemscope itemtype=\"https:\/\/schema.org\/ImageObject\">\n\t\t\t\t<img decoding=\"async\" src=\"https:\/\/www.wosa-hans.at\/wordpress\/wp-content\/uploads\/2016\/01\/temp959_1.jpg\" alt=\"temp959_1\" height=\"733\" width=\"1024\" title=\"temp959_1\" onerror=\"this.style.display='none'\" loading=\"lazy\" \/>\n\t<\/figure>\n\t<strong>Bio Dinkelvollkornbrot | 1 kg<\/strong><br \/>\nnur Dinkel, nur volles Korn, saftig, im Laib gebacken &#8211; oftmals mit der Silbermedaille pr\u00e4miert<br \/>\n\n<p>In unserer klassischen Variante mit reinem Sauerteig versetzt, bieten wir auf Vorbestellung auch eine Version mit wenig Hefe an.<\/p>\n\t<hr \/>\n<figure itemscope itemtype=\"https:\/\/schema.org\/ImageObject\">\n\t\t\t\t<img decoding=\"async\" src=\"https:\/\/www.wosa-hans.at\/wordpress\/wp-content\/uploads\/2016\/01\/Dinkelweckerl_1.jpg\" alt=\"Dinkelweckerl_1\" height=\"600\" width=\"800\" title=\"Dinkelweckerl_1\" onerror=\"this.style.display='none'\" loading=\"lazy\" \/>\n\t<\/figure>\n\t<p>\u00a0<\/p>\n<p><strong>Bio Dinkelvollkornweckerl\u00a0 | ca. 70 g<\/strong><br \/>mal rund, mal l\u00e4nglich, mal mit Sesam bestreut, mal mit Mohn,<br \/>aber immer unverf\u00e4lschter Dinkelvollkornteig<\/p>\n<p><strong>Bio DinkelvollkornROSINENweckerl\u00a0 | ca. 70 g<\/strong><br \/>nur der Fruchtzucker in den Rosinen verwandelt das Dinkelweckerl in eine leicht s\u00fc\u00dfe K\u00f6stlichkeit<\/p>\n<p><strong>Bio DinkelvollkornrosinenZIMTweckerl\u00a0 | ca. 70 g<\/strong><\/p>\n<p>ultimativ zimtig-saftige Verf\u00fchrung bestens geeignet f\u00fcr&#8217;s gesunde Fr\u00fchst\u00fcck oder als Vollkorn-Nachmittagssnack <\/p>\n\t<hr \/>\n<figure itemscope itemtype=\"https:\/\/schema.org\/ImageObject\">\n\t\t\t\t<img decoding=\"async\" src=\"https:\/\/www.wosa-hans.at\/wordpress\/wp-content\/uploads\/2016\/01\/Mehrkornweckerl.jpg\" alt=\"Mehrkornweckerl\" height=\"600\" width=\"800\" title=\"Mehrkornweckerl\" onerror=\"this.style.display='none'\" loading=\"lazy\" \/>\n\t<\/figure>\n\t<p>\u00a0<\/p>\n<p>\u00a0<\/p>\n<p>\u00a0<\/p>\n<p><strong>Bio Mehrkornweckerl \/ ca. 70 g<\/strong><br \/>ganz genau so (gut) wie das Mehrkornbrot nur nicht in Kastenform sondern liebevoll geformt und bestreut<\/p>\n\t<hr \/>\n<figure itemscope itemtype=\"https:\/\/schema.org\/ImageObject\">\n\t\t\t\t<img decoding=\"async\" src=\"https:\/\/www.wosa-hans.at\/wordpress\/wp-content\/uploads\/2016\/01\/Tofuweckerl_1.jpg\" alt=\"Tofuweckerl_1\" height=\"290\" width=\"800\" title=\"Tofuweckerl_1\" onerror=\"this.style.display='none'\" loading=\"lazy\" \/>\n\t<\/figure>\n\t<p>\u00a0<\/p>\n<p><strong>Bio Tofuweckerl | ca. 90 g<\/strong><br \/>einzigartig k\u00f6stlich: in K\u00fcrbiskern\u00f6l ger\u00f6steter Tofu<br \/>umh\u00fcllt von Mehrkornteig<\/p>\n\t<hr \/>\n\t<p><strong>Getreide &amp; Getreideprodukte<\/strong><\/p>\n<figure itemscope itemtype=\"https:\/\/schema.org\/ImageObject\">\n\t\t\t\t<img decoding=\"async\" src=\"https:\/\/www.wosa-hans.at\/wordpress\/wp-content\/uploads\/2016\/01\/Dinkel.jpg\" alt=\"Dinkel\" height=\"600\" width=\"800\" title=\"Dinkel\" onerror=\"this.style.display='none'\" loading=\"lazy\" \/>\n\t<\/figure>\n\t<p>\u00a0<\/p>\n<p>\u00a0<\/p>\n<p>\u00a0<\/p>\n<p><strong>Bio Dinkel\u00a0\u00a0| 1 kg und 5 kg<\/strong><br \/>gerne wird das Korn frisch gemahlen<\/p>\n\t<hr \/>\n<figure itemscope itemtype=\"https:\/\/schema.org\/ImageObject\">\n\t\t\t\t<img decoding=\"async\" src=\"https:\/\/www.wosa-hans.at\/wordpress\/wp-content\/uploads\/2016\/01\/Weizen.jpg\" alt=\"Weizen\" height=\"600\" width=\"800\" title=\"Weizen\" onerror=\"this.style.display='none'\" loading=\"lazy\" \/>\n\t<\/figure>\n\t<p>\u00a0<\/p>\n<p>\u00a0<\/p>\n<p>\u00a0<\/p>\n<p><strong>Bio Weizen | 1 kg und 5 kg<\/strong><br \/>gerne wird das Korn frisch gemahlen<\/p>\n\t<hr \/>\n<figure itemscope itemtype=\"https:\/\/schema.org\/ImageObject\">\n\t\t\t\t<img decoding=\"async\" src=\"https:\/\/www.wosa-hans.at\/wordpress\/wp-content\/uploads\/2016\/01\/Roggen.jpg\" alt=\"Roggen\" height=\"600\" width=\"800\" title=\"Roggen\" onerror=\"this.style.display='none'\" loading=\"lazy\" \/>\n\t<\/figure>\n\t<p>\u00a0<\/p>\n<p>\u00a0<\/p>\n<p>\u00a0<\/p>\n<p><strong>Bio Roggen | 1 kg und 5 kg<\/strong><br \/>gerne wird das Korn frisch gemahlen<\/p>\n\t<hr \/>\n<figure itemscope itemtype=\"https:\/\/schema.org\/ImageObject\">\n\t\t\t\t<img decoding=\"async\" src=\"https:\/\/www.wosa-hans.at\/wordpress\/wp-content\/uploads\/2026\/03\/Hafer.jpg\" alt=\"Hafer\" height=\"600\" width=\"800\" title=\"Hafer\" onerror=\"this.style.display='none'\" loading=\"lazy\" \/>\n\t<\/figure>\n\t<strong>Bio Hafer | 1 kg<\/strong><br \/>\ngerne wird das Korn frisch gemahlen\n\t<hr \/>\n<figure itemscope itemtype=\"https:\/\/schema.org\/ImageObject\">\n\t\t\t\t<img decoding=\"async\" src=\"https:\/\/www.wosa-hans.at\/wordpress\/wp-content\/uploads\/2026\/03\/Buchweizen.jpg\" alt=\"Buchweizen\" height=\"600\" width=\"800\" title=\"Buchweizen\" onerror=\"this.style.display='none'\" loading=\"lazy\" \/>\n\t<\/figure>\n\t<strong>Bio Buchweizen | 1 kg<\/strong><br \/>\ngerne wird das Korn frisch gemahlen\n\t<hr \/>\n<figure itemscope itemtype=\"https:\/\/schema.org\/ImageObject\">\n\t\t\t\t<img decoding=\"async\" src=\"https:\/\/www.wosa-hans.at\/wordpress\/wp-content\/uploads\/2016\/01\/Dinkelreis.jpg\" alt=\"Dinkelreis\" height=\"600\" width=\"800\" title=\"Dinkelreis\" onerror=\"this.style.display='none'\" loading=\"lazy\" \/>\n\t<\/figure>\n\t<strong>Bio Dinkelreis | 200 g und 1 kg<\/strong><br \/>\ner braucht so viel Zeit wie ein Vollkornreis (ca. 45 min) und einem k\u00f6stlichem Dinkelreisgericht steht nichts mehr im Weg &#8211; aja, es werden hierbei keine Dinkelfelder unter Wasser gesetzt, um diese spezielle Reissorte zu erhalten;-), sondern der Dinkel wird geschliffen\n\t<hr \/>\n<figure itemscope itemtype=\"https:\/\/schema.org\/ImageObject\">\n\t\t\t\t<img decoding=\"async\" src=\"https:\/\/www.wosa-hans.at\/wordpress\/wp-content\/uploads\/2016\/01\/Dinkelnudeln.jpg\" alt=\"Dinkelnudeln\" height=\"600\" width=\"800\" title=\"Dinkelnudeln\" onerror=\"this.style.display='none'\" loading=\"lazy\" \/>\n\t<\/figure>\n\t<p>\u00a0<\/p>\n<p>\u00a0<\/p>\n<p>\u00a0<\/p>\n<p><strong>Bio Dinkelvollkornnudeln, verschiedene Sorten | 300 g<\/strong><br \/>ob als Fleckerl, Bandnudel oder Spaghetti &#8211;<br \/>den nussigen Geschmack genie\u00dfen<\/p>\n\t<hr \/>\n<figure itemscope itemtype=\"https:\/\/schema.org\/ImageObject\">\n\t\t\t\t<img decoding=\"async\" src=\"https:\/\/www.wosa-hans.at\/wordpress\/wp-content\/uploads\/2016\/01\/Cracker.jpg\" alt=\"Cracker\" height=\"600\" width=\"800\" title=\"Cracker\" onerror=\"this.style.display='none'\" loading=\"lazy\" \/>\n\t<\/figure>\n\t<strong>Bio Dinkelvollkorncracker | Sesam | Pizza | 75 g<\/strong><br \/>\nder gesunde Knabberhit: nussig-fein mit Sesam<br \/>\noder mediterran-intensiv mit Pizzagew\u00fcrz\n<strong>Bio Dinkelvollkorncracker | Hanf | 75 g<\/strong><em><strong><br \/>\n<\/strong><\/em>neu mit gesch\u00e4lten Hanfsamen\n\t<hr \/>\n\t<p><strong>Pizzen<\/strong><\/p>\n<figure itemscope itemtype=\"https:\/\/schema.org\/ImageObject\">\n\t\t\t\t<img decoding=\"async\" src=\"https:\/\/www.wosa-hans.at\/wordpress\/wp-content\/uploads\/2016\/01\/Pizza_MZ.jpg\" alt=\"Pizza_MZ\" height=\"502\" width=\"1024\" title=\"Pizza_MZ\" onerror=\"this.style.display='none'\" loading=\"lazy\" \/>\n\t<\/figure>\n\t<strong>Bio Dinkelvollkornpizza<br \/>\nMais Zwiebel | ca. 285 g<\/strong><br \/>\nein vollkommen <em>veganes<\/em> Produkt!\n<p>Voranmeldungen bis Freitag 9 Uhr erw\u00fcnscht unter <a href=\"tel:+436764117321\">0676 4117321<\/a><\/p>\n\t<hr \/>\n<figure itemscope itemtype=\"https:\/\/schema.org\/ImageObject\">\n\t\t\t\t<img decoding=\"async\" src=\"https:\/\/www.wosa-hans.at\/wordpress\/wp-content\/uploads\/2016\/01\/Pizza_FMZ.jpg\" alt=\"Pizza_FMZ\" height=\"583\" width=\"1024\" title=\"Pizza_FMZ\" onerror=\"this.style.display='none'\" loading=\"lazy\" \/>\n\t<\/figure>\n\t<strong>Bio Dinkelvollkornpizza<br \/>\nFeta Mais Zwiebel | ca. 330 g<\/strong><br \/>\n<br \/>\n\n<p>Voranmeldungen bis Freitag 9 Uhr erw\u00fcnscht unter <a href=\"tel:+436764117321\">0676 4117321<\/a><\/p>\n\t<hr \/>\n<figure itemscope itemtype=\"https:\/\/schema.org\/ImageObject\">\n\t\t\t\t<img decoding=\"async\" src=\"https:\/\/www.wosa-hans.at\/wordpress\/wp-content\/uploads\/2016\/01\/Pizza_CMK.jpg\" alt=\"Pizza_CMK\" height=\"556\" width=\"1024\" title=\"Pizza_CMK\" onerror=\"this.style.display='none'\" loading=\"lazy\" \/>\n\t<\/figure>\n\t<strong>Bio Dinkelvollkornpizza<br \/>\nChampignon Feta K\u00e4se| ca. 380 g<\/strong><br \/>\nAuch tiefgek\u00fchlt!\n<p>Voranmeldungen bis Freitag 9 Uhr erw\u00fcnscht unter <a href=\"tel:+436764117321\">0676 4117321<\/a><\/p>\n\t<hr \/>\n<figure itemscope itemtype=\"https:\/\/schema.org\/ImageObject\">\n\t\t\t\t<img decoding=\"async\" src=\"https:\/\/www.wosa-hans.at\/wordpress\/wp-content\/uploads\/2016\/01\/Pizza_CMK.jpg\" alt=\"Pizza_CMK\" height=\"556\" width=\"1024\" title=\"Pizza_CMK\" onerror=\"this.style.display='none'\" loading=\"lazy\" \/>\n\t<\/figure>\n\t<strong>Bio Dinkelvollkornpizza<br \/>\nChampignon Mais K\u00e4se | ca. 380 g<\/strong><br \/>\n<br \/>\n\n<p>Voranmeldungen bis Freitag 9 Uhr erw\u00fcnscht unter <a href=\"tel:+436764117321\">0676 4117321<\/a><\/p>\n\t<hr \/>\n<figure itemscope itemtype=\"https:\/\/schema.org\/ImageObject\">\n\t\t\t\t<img decoding=\"async\" src=\"https:\/\/www.wosa-hans.at\/wordpress\/wp-content\/uploads\/2016\/01\/Pizza_CMK.jpg\" alt=\"Pizza_CMK\" height=\"556\" width=\"1024\" title=\"Pizza_CMK\" onerror=\"this.style.display='none'\" loading=\"lazy\" \/>\n\t<\/figure>\n\t<strong>Bio Dinkelvollkornpizza BUNT<br \/>\nChampignon Mais K\u00e4se Feta Zwiebel Paprika | ca. 380 g<\/strong><br \/>\n<br \/>\n\n<p>Voranmeldungen bis Freitag 9 Uhr erw\u00fcnscht unter <a href=\"tel:+436764117321\">0676 4117321<\/a><\/p>\n\t<p><strong>Produkte von Lieferanten unseres Vertrauens<\/strong><\/p>\n<figure itemscope itemtype=\"https:\/\/schema.org\/ImageObject\">\n\t\t\t\t<img decoding=\"async\" src=\"https:\/\/www.wosa-hans.at\/wordpress\/wp-content\/uploads\/2016\/01\/Eier.jpg\" alt=\"Eier\" height=\"600\" width=\"800\" title=\"Eier\" onerror=\"this.style.display='none'\" loading=\"lazy\" \/>\n\t<\/figure>\n\t<strong>Bio Eier<br \/>\n<\/strong>\n<p>von unseren Sussex-H\u00fchnern &#8211; \u00fcberzeugt euch selbst und werft einen Blick zu den Pipihendln im fahrbaren Hendlstall der manchmal hinter der Holzh\u00fctte oder aber auch unter den Obstb\u00e4umen platziert ist. Das Kr\u00e4hen von Hahn Harry weist die Richtung!<\/p>\n\t<hr \/>\n<figure itemscope itemtype=\"https:\/\/schema.org\/ImageObject\">\n\t\t\t\t<img decoding=\"async\" src=\"https:\/\/www.wosa-hans.at\/wordpress\/wp-content\/uploads\/2016\/01\/Mais.jpg\" alt=\"Mais\" height=\"406\" width=\"800\" title=\"Mais\" onerror=\"this.style.display='none'\" loading=\"lazy\" \/>\n\t<\/figure>\n\t<strong>Bio Zuckermais vom Biohof Skohautil aus St.Pantaleon | 330 g<\/strong><br \/>\ndirekt aus dem Glas oder doch k\u00f6rnchenweise aus dem Essen gepickt &#8211; ganz egal wie, der Geschmack ist umwerfend<br \/>\n\n\t<hr \/>\n<figure itemscope itemtype=\"https:\/\/schema.org\/ImageObject\">\n\t\t\t\t<img decoding=\"async\" src=\"https:\/\/www.wosa-hans.at\/wordpress\/wp-content\/uploads\/2016\/01\/Kartoffeln_neu.jpg\" alt=\"Kartoffeln_neu\" height=\"600\" width=\"800\" title=\"Kartoffeln_neu\" onerror=\"this.style.display='none'\" loading=\"lazy\" \/>\n\t<\/figure>\n\t<p><strong>Kartoffeln | 2 &#8211; 10 kg<\/strong><\/p>\n<em><strong>Ditta<\/strong><\/em> &#8211; eine vorwiegend festkochende Sorte, der Allrounder unter<br \/>\nden Erd\u00e4pfeln\n<p><em><strong>Hermes <\/strong><\/em>&#8211; die richtig mehlige Sorte, perfekt f\u00fcr Kartoffelteige und P\u00fcree<\/p>\n<p>alle Kartoffeln sind in Verkaufseinheiten von 2, 3, 5 und 10 kg erh\u00e4ltlich<\/p>\n\t<hr \/>\n<figure itemscope itemtype=\"https:\/\/schema.org\/ImageObject\">\n\t\t\t\t<img decoding=\"async\" src=\"https:\/\/www.wosa-hans.at\/wordpress\/wp-content\/uploads\/2016\/02\/tees.jpg\" alt=\"tees\" height=\"400\" width=\"600\" title=\"tees\" onerror=\"this.style.display='none'\" loading=\"lazy\" \/>\n\t<\/figure>\n\t<strong>Bio-Kr\u00e4uterteekompositionen vom Biobauernhof Viertelmayr<br \/>\naus Seitenstetten | 30 &#8211; 50 g<br \/>\n<\/strong>\n<p><em>&#8222;<\/em><em>Fit in den Tag<\/em><em>&#8222;<\/em>\u00a0 mit herrlichem Melissenaroma<\/p>\n<p><em>&#8222;<\/em><em>F\u00fchl mich wohl Tee<\/em>&#8220; empfiehlt sich (nicht nur) nach dem Essen<\/p>\n<p><em>&#8222;Bunter Kindertraum&#8220;<\/em> \u00fcberzeugt mit getrockneten Apfelst\u00fccken<\/p>\n<p><em>\u00a0&#8222;Rosenzauber&#8220;<\/em> zaubert herrlich herzliches Rosenaroma in die Tasse<\/p>\n<p><em>\u00a0<\/em><\/p>\n\t<hr \/>\n<figure itemscope itemtype=\"https:\/\/schema.org\/ImageObject\">\n\t\t\t\t<img decoding=\"async\" src=\"https:\/\/www.wosa-hans.at\/wordpress\/wp-content\/uploads\/2016\/01\/Gurkerl.jpg\" alt=\"Gurkerl\" height=\"600\" width=\"800\" title=\"Gurkerl\" onerror=\"this.style.display='none'\" loading=\"lazy\" \/>\n\t<\/figure>\n\t<p>\u00a0<\/p>\n<p>\u00a0<\/p>\n<p>\u00a0<\/p>\n<p><strong>Pepi&#8217;s Biogurkerl <\/strong><strong>|<\/strong> mild oder scharf | 350 g Abtropfgewicht<\/p>\n<p>und viele weitere Spezialit\u00e4ten vom Biohof Pfl\u00fcgelmeier wie Russenkraut, Karottensalat, Rote R\u00fcben, Senfgurken, etc.<\/p>\n\t<hr \/>\n\t<h2>Geschenk-Gutscheine<\/h2>\n<p>Nat\u00fcrlich gibt es auch Geschenk-Gutscheine, mit beliebigem Wert. Bitte einfach danach fragen!<\/p>\n<figure itemscope itemtype=\"https:\/\/schema.org\/ImageObject\">\n\t\t\t\t<img decoding=\"async\" src=\"https:\/\/www.wosa-hans.at\/wordpress\/wp-content\/uploads\/2026\/03\/Gutschein.png\" alt=\"Gutschein\" height=\"576\" width=\"1000\" title=\"Gutschein\" onerror=\"this.style.display='none'\" loading=\"lazy\" \/>\n\t<\/figure>\n\t<h2>Wo&#8217;s unsere Produkte noch gibt<\/h2>\nIn einigen ausgew\u00e4hlten Gesch\u00e4ften, gibts einige unserer ausgew\u00e4hlten Produkte \ud83d\ude09<br \/>\nEinfach besuchen und schauen:\n&#8211; La Rosa, Sankt Valentin<br \/>\n&#8211; Heimvorteil, Sankt Valentin<br \/>\n&#8211; Dorfladen, St. Pantaleon<br \/>\n&#8211; Hofladen Heiden, Weistrach<br \/>\n&#8211; <a href=\"https:\/\/www.netswerk.net\/haag\/dornmayr-johann\/\" target=\"_blank\" rel=\"noopener\">NETs.werk Haag<\/a>\n\t<h2>Kontakt<\/h2>\nJohann &amp; Gabriele Dornmayr mit Magdalena<br \/>\n<a href=\"https:\/\/goo.gl\/maps\/PxToWR3cp47sETZ76\" target=\"_blank\" rel=\"noopener\">Remser Dorfweg 2 | 4300 Sankt Valentin<\/a><br \/>\nTel. <a href=\"tel:+436764117321\" target=\"_blank\" rel=\"noopener\">0676 411 73 21<\/a><br \/>\n<a href=\"mailto:bio@wosa-hans.at?subject=Mail%20von%20der%20Website\">bio@wosa-hans.at<\/a><br \/>\nwww.wosa-hans.at\n<h3>\u00d6ffnungszeiten Bioladen<\/h3>\n<p>Freitag von 12 &#8211; 18 Uhr<\/p>\n\n","protected":false},"excerpt":{"rendered":"<p>\u00a0\u00a0 Brot &amp; Geb\u00e4ck Gabis Bio Buchweizenbrot | 1 kg Gabis Buchweizenbrot &#8211; mit Sauerteig und ohne Hefe &#8211; \u00fcberzeugt mit einer &#8222;gschmeidigen Mischung&#8220; aus Buchweizen-, Hafer- und Reisvollmehl versehen mit \u00d6lsaaten (Sonnenblumenkernen, Leinsamen und Flohsamenschalen) und dem magischen Wosa-Brotgew\u00fcrz unsere werten Kunden. Als neuester Neuzugang in der Kastenform ist das nicht glutenfrei zertifizierte, aber&hellip;<\/p>\n","protected":false},"author":1,"featured_media":0,"parent":0,"menu_order":1,"comment_status":"closed","ping_status":"closed","template":"","meta":[],"_links":{"self":[{"href":"https:\/\/www.wosa-hans.at\/wordpress\/wp-json\/wp\/v2\/pages\/464"}],"collection":[{"href":"https:\/\/www.wosa-hans.at\/wordpress\/wp-json\/wp\/v2\/pages"}],"about":[{"href":"https:\/\/www.wosa-hans.at\/wordpress\/wp-json\/wp\/v2\/types\/page"}],"author":[{"embeddable":true,"href":"https:\/\/www.wosa-hans.at\/wordpress\/wp-json\/wp\/v2\/users\/1"}],"replies":[{"embeddable":true,"href":"https:\/\/www.wosa-hans.at\/wordpress\/wp-json\/wp\/v2\/comments?post=464"}],"version-history":[{"count":7,"href":"https:\/\/www.wosa-hans.at\/wordpress\/wp-json\/wp\/v2\/pages\/464\/revisions"}],"predecessor-version":[{"id":499,"href":"https:\/\/www.wosa-hans.at\/wordpress\/wp-json\/wp\/v2\/pages\/464\/revisions\/499"}],"wp:attachment":[{"href":"https:\/\/www.wosa-hans.at\/wordpress\/wp-json\/wp\/v2\/media?parent=464"}],"curies":[{"name":"wp","href":"https:\/\/api.w.org\/{rel}","templated":true}]}}