{"id":330,"date":"2020-06-06T10:55:37","date_gmt":"2020-06-06T08:55:37","guid":{"rendered":"https:\/\/www.wosa-hans.at\/wordpress\/?page_id=330"},"modified":"2026-03-16T09:57:41","modified_gmt":"2026-03-16T08:57:41","slug":"impressum-datenschutz","status":"publish","type":"page","link":"https:\/\/www.wosa-hans.at\/wordpress\/impressum-datenschutz\/","title":{"rendered":"Impressum &#038; Datenschutz"},"content":{"rendered":"\n\n\t<p>\u00a0\u00a0 <\/p>\n\t<h3>Impressum<\/h3>\nInformationen nach dem E-Commerce-Gesetz (ECG)<br \/>\nOffenlegung gem. \u00a725des Mediengesetzes\n<p>Unter dieser Adresse und ihren Subdomains werden umfangreiche Informationen zum Thema Bio zur Verf\u00fcgung gestellt.<\/p>\n<strong>Medieninhaber und Herausgeber der Inhalte:<\/strong><br \/>\nJohann und Gabriele Dornmayr<br \/>\nRemser Dorfweg 2<br \/>\n4300 Sankt Valentin<br \/>\nTel. 0676 411 73 21<br \/>\n<a href=\"mailto:bio@wosa-hans.at?subject=Mail%20von%20der%20Impressumseite\">bio@wosa-hans.at<\/a>\n<section>\n<strong><br \/>\nGesch\u00e4ftsinhaberin: <\/strong>Gabriele Dornmayr\n<p><strong>Beh\u00f6rde gem\u00e4\u00df ECG: Bezirkshauptmannschaft Amstetten<\/strong><\/p>\n<p><a href=\"https:\/\/firmen.wko.at\/dornmayr-gabriele\/st-valentin_gemeinde\/\" target=\"_blank\" rel=\"noopener\">Informationspflicht lt. ECG und Mediengesetz<\/a><\/p>\n<\/section>\n<p>&nbsp;<\/p>\n<section>\n<h3>Bildnachweis<\/h3>\n\u2022 Uschi Wolf | <a href=\"http:\/\/www.uschiwolf.at\" target=\"_blank\" rel=\"noopener\">www.uschiwolf.at<\/a><br \/>\n\u2022 Privat\n<p>&nbsp;<\/p>\n<h3>Nutzungsbedingungen<\/h3>\n<p>Die Inhalte dieser Website sind frei nutzbar und dienen ausschlie\u00dflich der Information. Es kommen durch die Nutzung der Auswahlm\u00f6glichkeiten der Website keinerlei Rechtsgesch\u00e4fte zwischen der Eigent\u00fcmerin und den Nutzern zustande. Die weitere Vorgangsweise zwischen Anbietern und Nutzern und der m\u00f6gliche sp\u00e4tere Abschluss von Auftr\u00e4gen zwischen Anbietern und Nutzern liegen im ausschlie\u00dflichen Ermessen der Nutzer.<\/p>\n<p>&nbsp;<\/p>\n<h3>Copyright \/ Haftungsausschluss<\/h3>\n<p>Im Hinblick auf die technischen Eigenschaften des Internet kann keine Gew\u00e4hr f\u00fcr die Authentizit\u00e4t, Richtigkeit und Vollst\u00e4ndigkeit der im Internet zur Verf\u00fcgung gestellten Informationen \u00fcbernommen werden. Es wird auch keine Gew\u00e4hr f\u00fcr die Verf\u00fcgbarkeit oder den Betrieb der gegenst\u00e4ndlichen Homepage und ihrer Inhalte \u00fcbernommen.<\/p>\n<p>Jede Haftung f\u00fcr unmittelbare, mittelbare oder sonstige Sch\u00e4den, unabh\u00e4ngig von deren Ursachen, die aus der Benutzung oder Nichtverf\u00fcgbarkeit der Daten und Informationen dieser Homepage erwachsen, wird &#8211; soweit rechtlich zul\u00e4ssig &#8211; ausgeschlossen.<\/p>\n<p>Der Inhalt dieser Homepage ist urheberrechtlich gesch\u00fctzt. Die Informationen sind nur f\u00fcr die pers\u00f6nliche Verwendung bestimmt. Jede weitergehende Nutzung, insbesondere die Speicherung in Datenbanken, Vervielf\u00e4ltigung und jede Form von gewerblicher Nutzung sowie die Weitergabe an Dritte &#8211; auch in Teilen oder in \u00fcberarbeiteter Form &#8211; ohne Zustimmung des Website- bzw. Rechte-Inhabers, ist untersagt.<\/p>\n<p>Hyperlinks auf diese Website sind willkommen, solange der Ursprung der Inhalte klar erkennbar und damit eine allf\u00e4llige Irref\u00fchrung von Benutzern ausgeschlossen ist. Jede Einbindung einzelner Seiten unseres Angebots in fremde Frames ist zu unterlassen, ebenso die Zurverf\u00fcgungstellung unseres RSS-Feeds auf fremden Seiten.<\/p>\n<p>&nbsp;<\/p>\n<h3>Haftung f\u00fcr Links<\/h3>\n<p>Diese Website enth\u00e4lt Links zu externen Webseiten Dritter, auf deren Inhalte der Betreiber dieser Website keinen Einfluss hat. Deshalb kann f\u00fcr diese fremden Inhalte auch keine Gew\u00e4hr \u00fcbernommen werden. F\u00fcr die Inhalte der verlinkten Seiten ist stets der jeweilige Anbieter oder Seitenbetreiber verantwortlich. Die verlinkten Seiten wurden zum Zeitpunkt der Verlinkung auf m\u00f6gliche Rechtsverst\u00f6\u00dfe \u00fcberpr\u00fcft. Rechtswidrige Inhalte waren zum Zeitpunkt der Verlinkung nicht erkennbar. Eine permanente inhaltliche Kontrolle der verlinkten Seiten ist jedoch ohne konkrete Anhaltspunkte einer Rechtsverletzung nicht zumutbar. Bei Bekanntwerden von Rechtsverletzungen werden wir derartige Links umgehend entfernen.<\/p>\n<\/section>\n<p>&nbsp;<\/p>\n<p>\u00a9 2026, Johann und Gabriele Dornmayr<\/p>\n\t<hr \/>\n\t<h3>Datenschutzerkl\u00e4rung<\/h3>\n<p><strong>Pers\u00f6nliche Daten:<\/strong><\/p>\nPers\u00f6nliche Daten, die du auf dieser Website elektronisch \u00fcbermittelst, wie zum Beispiel Name, E-Mail-Adresse oder andere pers\u00f6nliche Angaben, werden von mir nur zum jeweils angegebenen Zweck verwendet, sicher verwahrt und nicht an Dritte weitergegeben. Der Provider erhebt und speichert automatisch Informationen am Webserver wie verwendeter Browser, Betriebssystem, Verweisseite, IP-Adresse, Uhrzeit des Zugriffs usw.<br \/>\nDiese Daten k\u00f6nnen ohne Pr\u00fcfung weiterer Datenquellen keinen bestimmten Personen zugeordnet werden und ich werte diese Daten auch nicht weiter aus solange keine rechtswidrige Nutzung der Webseite vorliegt.\n<p>&nbsp;<\/p>\n<hr \/>\n<p><strong>Auskunftsrecht:<\/strong><\/p>\nDir stehen grunds\u00e4tzlich die Rechte auf Auskunft, Berichtigung, L\u00f6schung, Einschr\u00e4nkung, Daten\u00fcbertragbarkeit, Widerruf und Widerspruch zu.<br \/>\nWenn du glaubst, dass die Verarbeitung deiner Daten gegen das Datenschutzrecht verst\u00f6\u00dft oder deine datenschutzrechtlichen Anspr\u00fcche sonst in einer Weise verletzt worden sind, kannst du dich bei der zust\u00e4ndigen Auskunftsbeh\u00f6rde beschweren. In \u00d6sterreich ist dies die Datenschutzbeh\u00f6rde.<br \/>\nWenn du weitere Fragen hast, kontaktiere mich bitte! Ich bin mir sicher, wir finden eine zufriedenstellende Antwort auf deine Fragen!\nHier findest du unsere Kontaktdaten:<br \/>\nJohann und Gabriele Dornmayr<br \/>\nRemser Dorfweg 2<br \/>\n4300 Sankt Valentin<br \/>\nTel. 0676 411 73 21<br \/>\n<a href=\"mailto:bio@wosa-hans.at?subject=Mail%20von%20der%20Impressumseite\">bio@wosa-hans.at<\/a>\n<p>&nbsp;<\/p>\n\n","protected":false},"excerpt":{"rendered":"<p>\u00a0\u00a0 Impressum Informationen nach dem E-Commerce-Gesetz (ECG) Offenlegung gem. \u00a725des Mediengesetzes Unter dieser Adresse und ihren Subdomains werden umfangreiche Informationen zum Thema Bio zur Verf\u00fcgung gestellt. Medieninhaber und Herausgeber der Inhalte: Johann und Gabriele Dornmayr Remser Dorfweg 2 4300 Sankt Valentin Tel. 0676 411 73 21 bio@wosa-hans.at Gesch\u00e4ftsinhaberin: Gabriele Dornmayr Beh\u00f6rde gem\u00e4\u00df ECG: Bezirkshauptmannschaft Amstetten&hellip;<\/p>\n","protected":false},"author":1,"featured_media":0,"parent":0,"menu_order":1,"comment_status":"closed","ping_status":"closed","template":"","meta":[],"_links":{"self":[{"href":"https:\/\/www.wosa-hans.at\/wordpress\/wp-json\/wp\/v2\/pages\/330"}],"collection":[{"href":"https:\/\/www.wosa-hans.at\/wordpress\/wp-json\/wp\/v2\/pages"}],"about":[{"href":"https:\/\/www.wosa-hans.at\/wordpress\/wp-json\/wp\/v2\/types\/page"}],"author":[{"embeddable":true,"href":"https:\/\/www.wosa-hans.at\/wordpress\/wp-json\/wp\/v2\/users\/1"}],"replies":[{"embeddable":true,"href":"https:\/\/www.wosa-hans.at\/wordpress\/wp-json\/wp\/v2\/comments?post=330"}],"version-history":[{"count":10,"href":"https:\/\/www.wosa-hans.at\/wordpress\/wp-json\/wp\/v2\/pages\/330\/revisions"}],"predecessor-version":[{"id":480,"href":"https:\/\/www.wosa-hans.at\/wordpress\/wp-json\/wp\/v2\/pages\/330\/revisions\/480"}],"wp:attachment":[{"href":"https:\/\/www.wosa-hans.at\/wordpress\/wp-json\/wp\/v2\/media?parent=330"}],"curies":[{"name":"wp","href":"https:\/\/api.w.org\/{rel}","templated":true}]}}